{"id":34,"date":"2025-08-12T20:11:08","date_gmt":"2025-08-12T18:11:08","guid":{"rendered":"https:\/\/andreseloydelgado.com\/whypanama\/?page_id=34"},"modified":"2025-08-12T20:28:06","modified_gmt":"2025-08-12T18:28:06","slug":"seguridad-vive-con-paz-mental-en-un-entorno-estable","status":"publish","type":"page","link":"https:\/\/andreseloydelgado.com\/whypanama\/las-5-razones-mas-importantes-para-vivir-invertir-o-retirarse-en-panama\/seguridad-vive-con-paz-mental-en-un-entorno-estable\/","title":{"rendered":"Seguridad: Vive con Paz Mental en un Entorno Estable"},"content":{"rendered":"\t\t<div data-elementor-type=\"wp-page\" data-elementor-id=\"34\" class=\"elementor elementor-34\" data-elementor-post-type=\"page\">\n\t\t\t\t<div class=\"elementor-element elementor-element-26b8a86 e-flex e-con-boxed e-con e-parent\" data-id=\"26b8a86\" data-element_type=\"container\" data-e-type=\"container\">\n\t\t\t\t\t<div class=\"e-con-inner\">\n\t\t\t\t<div class=\"elementor-element elementor-element-4b02f26 elementor-position-top elementor-widget elementor-widget-image-box\" data-id=\"4b02f26\" data-element_type=\"widget\" data-e-type=\"widget\" data-widget_type=\"image-box.default\">\n\t\t\t\t\t<div class=\"elementor-image-box-wrapper\"><figure class=\"elementor-image-box-img\"><img fetchpriority=\"high\" decoding=\"async\" width=\"1920\" height=\"1080\" src=\"https:\/\/andreseloydelgado.com\/whypanama\/wp-content\/uploads\/sites\/6\/2025\/08\/1-de-5-Las-5-grandes-razones-Why-PANAMA-1.jpg\" class=\"attachment-full size-full wp-image-43\" alt=\"\" srcset=\"https:\/\/andreseloydelgado.com\/whypanama\/wp-content\/uploads\/sites\/6\/2025\/08\/1-de-5-Las-5-grandes-razones-Why-PANAMA-1.jpg 1920w, https:\/\/andreseloydelgado.com\/whypanama\/wp-content\/uploads\/sites\/6\/2025\/08\/1-de-5-Las-5-grandes-razones-Why-PANAMA-1-300x169.jpg 300w, https:\/\/andreseloydelgado.com\/whypanama\/wp-content\/uploads\/sites\/6\/2025\/08\/1-de-5-Las-5-grandes-razones-Why-PANAMA-1-1024x576.jpg 1024w, https:\/\/andreseloydelgado.com\/whypanama\/wp-content\/uploads\/sites\/6\/2025\/08\/1-de-5-Las-5-grandes-razones-Why-PANAMA-1-768x432.jpg 768w, https:\/\/andreseloydelgado.com\/whypanama\/wp-content\/uploads\/sites\/6\/2025\/08\/1-de-5-Las-5-grandes-razones-Why-PANAMA-1-1536x864.jpg 1536w\" sizes=\"(max-width: 1920px) 100vw, 1920px\" \/><\/figure><div class=\"elementor-image-box-content\"><h3 class=\"elementor-image-box-title\">Seguridad: Vive con Paz Mental en un Entorno Estable<\/h3><p class=\"elementor-image-box-description\">Panam\u00e1 es una de las naciones m\u00e1s estables y seguras de Latinoam\u00e9rica, tanto a nivel econ\u00f3mico como social. Su uso del d\u00f3lar estadounidense brinda confianza a inversionistas y residentes, reduciendo riesgos de fluctuaciones monetarias. \n\nEl pa\u00eds cuenta con un marco legal s\u00f3lido que protege la propiedad privada y garantiza los derechos de los extranjeros, lo que significa que tu inversi\u00f3n \u2014ya sea en bienes ra\u00edces, negocios o ahorros\u2014 estar\u00e1 respaldada.\nEn las principales ciudades, como Ciudad de Panam\u00e1, Boquete o Coronado, encontrar\u00e1s comunidades activas de expatriados que disfrutan de un entorno amigable y vigilado. Adem\u00e1s, el bajo \u00edndice de conflictos internos y la cooperaci\u00f3n internacional en materia de seguridad refuerzan la percepci\u00f3n de estabilidad.\nPara los baby boomers que buscan un retiro sin sobresaltos, Panam\u00e1 ofrece la tranquilidad de poder caminar por zonas urbanas bien iluminadas, disfrutar de actividades al aire libre y socializar con locales y extranjeros sin temor. Es un lugar donde la paz mental forma parte del estilo de vida, permiti\u00e9ndote concentrarte en disfrutar cada d\u00eda, sin preocupaciones.\n<\/p><\/div><\/div>\t\t\t\t<\/div>\n\t\t\t\t\t<\/div>\n\t\t\t\t<\/div>\n\t\t\t\t<\/div>\n\t\t","protected":false},"excerpt":{"rendered":"<p>Seguridad: Vive con Paz Mental en un Entorno Estable Panam\u00e1 es una de las naciones m\u00e1s estables y seguras de [&hellip;]<\/p>\n","protected":false},"author":1,"featured_media":0,"parent":7,"menu_order":0,"comment_status":"closed","ping_status":"closed","template":"elementor_canvas","meta":{"site-sidebar-layout":"no-sidebar","site-content-layout":"","ast-site-content-layout":"full-width-container","site-content-style":"default","site-sidebar-style":"default","ast-global-header-display":"","ast-banner-title-visibility":"","ast-main-header-display":"","ast-hfb-above-header-display":"","ast-hfb-below-header-display":"","ast-hfb-mobile-header-display":"","site-post-title":"","ast-breadcrumbs-content":"","ast-featured-img":"disabled","footer-sml-layout":"","ast-disable-related-posts":"","theme-transparent-header-meta":"","adv-header-id-meta":"","stick-header-meta":"","header-above-stick-meta":"","header-main-stick-meta":"","header-below-stick-meta":"","astra-migrate-meta-layouts":"default","ast-page-background-enabled":"default","ast-page-background-meta":{"desktop":{"background-color":"var(--ast-global-color-5)","background-image":"","background-repeat":"repeat","background-position":"center center","background-size":"auto","background-attachment":"scroll","background-type":"","background-media":"","overlay-type":"","overlay-color":"","overlay-opacity":"","overlay-gradient":""},"tablet":{"background-color":"","background-image":"","background-repeat":"repeat","background-position":"center center","background-size":"auto","background-attachment":"scroll","background-type":"","background-media":"","overlay-type":"","overlay-color":"","overlay-opacity":"","overlay-gradient":""},"mobile":{"background-color":"","background-image":"","background-repeat":"repeat","background-position":"center center","background-size":"auto","background-attachment":"scroll","background-type":"","background-media":"","overlay-type":"","overlay-color":"","overlay-opacity":"","overlay-gradient":""}},"ast-content-background-meta":{"desktop":{"background-color":"var(--ast-global-color-4)","background-image":"","background-repeat":"repeat","background-position":"center center","background-size":"auto","background-attachment":"scroll","background-type":"","background-media":"","overlay-type":"","overlay-color":"","overlay-opacity":"","overlay-gradient":""},"tablet":{"background-color":"var(--ast-global-color-4)","background-image":"","background-repeat":"repeat","background-position":"center center","background-size":"auto","background-attachment":"scroll","background-type":"","background-media":"","overlay-type":"","overlay-color":"","overlay-opacity":"","overlay-gradient":""},"mobile":{"background-color":"var(--ast-global-color-4)","background-image":"","background-repeat":"repeat","background-position":"center center","background-size":"auto","background-attachment":"scroll","background-type":"","background-media":"","overlay-type":"","overlay-color":"","overlay-opacity":"","overlay-gradient":""}},"footnotes":""},"class_list":["post-34","page","type-page","status-publish","hentry"],"yoast_head":"<!-- This site is optimized with the Yoast SEO plugin v27.4 - https:\/\/yoast.com\/product\/yoast-seo-wordpress\/ -->\n<title>Seguridad: Vive con Paz Mental en un Entorno Estable - WHY PANAMA<\/title>\n<meta name=\"robots\" content=\"index, follow, max-snippet:-1, max-image-preview:large, max-video-preview:-1\" \/>\n<link rel=\"canonical\" href=\"https:\/\/andreseloydelgado.com\/whypanama\/las-5-razones-mas-importantes-para-vivir-invertir-o-retirarse-en-panama\/seguridad-vive-con-paz-mental-en-un-entorno-estable\/\" \/>\n<meta property=\"og:locale\" content=\"es_ES\" \/>\n<meta property=\"og:type\" content=\"article\" \/>\n<meta property=\"og:title\" content=\"Seguridad: Vive con Paz Mental en un Entorno Estable - WHY PANAMA\" \/>\n<meta property=\"og:description\" content=\"Seguridad: Vive con Paz Mental en un Entorno Estable Panam\u00e1 es una de las naciones m\u00e1s estables y seguras de [&hellip;]\" \/>\n<meta property=\"og:url\" content=\"https:\/\/andreseloydelgado.com\/whypanama\/las-5-razones-mas-importantes-para-vivir-invertir-o-retirarse-en-panama\/seguridad-vive-con-paz-mental-en-un-entorno-estable\/\" \/>\n<meta property=\"og:site_name\" content=\"WHY PANAMA\" \/>\n<meta property=\"article:modified_time\" content=\"2025-08-12T18:28:06+00:00\" \/>\n<meta property=\"og:image\" content=\"https:\/\/andreseloydelgado.com\/whypanama\/wp-content\/uploads\/sites\/6\/2025\/08\/1-de-5-Las-5-grandes-razones-Why-PANAMA-1.jpg\" \/>\n<meta name=\"twitter:card\" content=\"summary_large_image\" \/>\n<meta name=\"twitter:label1\" content=\"Tiempo de lectura\" \/>\n\t<meta name=\"twitter:data1\" content=\"2 minutos\" \/>\n<script type=\"application\/ld+json\" class=\"yoast-schema-graph\">{\"@context\":\"https:\\\/\\\/schema.org\",\"@graph\":[{\"@type\":\"WebPage\",\"@id\":\"https:\\\/\\\/andreseloydelgado.com\\\/whypanama\\\/las-5-razones-mas-importantes-para-vivir-invertir-o-retirarse-en-panama\\\/seguridad-vive-con-paz-mental-en-un-entorno-estable\\\/\",\"url\":\"https:\\\/\\\/andreseloydelgado.com\\\/whypanama\\\/las-5-razones-mas-importantes-para-vivir-invertir-o-retirarse-en-panama\\\/seguridad-vive-con-paz-mental-en-un-entorno-estable\\\/\",\"name\":\"Seguridad: Vive con Paz Mental en un Entorno Estable - WHY PANAMA\",\"isPartOf\":{\"@id\":\"https:\\\/\\\/andreseloydelgado.com\\\/whypanama\\\/#website\"},\"primaryImageOfPage\":{\"@id\":\"https:\\\/\\\/andreseloydelgado.com\\\/whypanama\\\/las-5-razones-mas-importantes-para-vivir-invertir-o-retirarse-en-panama\\\/seguridad-vive-con-paz-mental-en-un-entorno-estable\\\/#primaryimage\"},\"image\":{\"@id\":\"https:\\\/\\\/andreseloydelgado.com\\\/whypanama\\\/las-5-razones-mas-importantes-para-vivir-invertir-o-retirarse-en-panama\\\/seguridad-vive-con-paz-mental-en-un-entorno-estable\\\/#primaryimage\"},\"thumbnailUrl\":\"https:\\\/\\\/andreseloydelgado.com\\\/whypanama\\\/wp-content\\\/uploads\\\/sites\\\/6\\\/2025\\\/08\\\/1-de-5-Las-5-grandes-razones-Why-PANAMA-1.jpg\",\"datePublished\":\"2025-08-12T18:11:08+00:00\",\"dateModified\":\"2025-08-12T18:28:06+00:00\",\"breadcrumb\":{\"@id\":\"https:\\\/\\\/andreseloydelgado.com\\\/whypanama\\\/las-5-razones-mas-importantes-para-vivir-invertir-o-retirarse-en-panama\\\/seguridad-vive-con-paz-mental-en-un-entorno-estable\\\/#breadcrumb\"},\"inLanguage\":\"es\",\"potentialAction\":[{\"@type\":\"ReadAction\",\"target\":[\"https:\\\/\\\/andreseloydelgado.com\\\/whypanama\\\/las-5-razones-mas-importantes-para-vivir-invertir-o-retirarse-en-panama\\\/seguridad-vive-con-paz-mental-en-un-entorno-estable\\\/\"]}]},{\"@type\":\"ImageObject\",\"inLanguage\":\"es\",\"@id\":\"https:\\\/\\\/andreseloydelgado.com\\\/whypanama\\\/las-5-razones-mas-importantes-para-vivir-invertir-o-retirarse-en-panama\\\/seguridad-vive-con-paz-mental-en-un-entorno-estable\\\/#primaryimage\",\"url\":\"https:\\\/\\\/andreseloydelgado.com\\\/whypanama\\\/wp-content\\\/uploads\\\/sites\\\/6\\\/2025\\\/08\\\/1-de-5-Las-5-grandes-razones-Why-PANAMA-1.jpg\",\"contentUrl\":\"https:\\\/\\\/andreseloydelgado.com\\\/whypanama\\\/wp-content\\\/uploads\\\/sites\\\/6\\\/2025\\\/08\\\/1-de-5-Las-5-grandes-razones-Why-PANAMA-1.jpg\",\"width\":1920,\"height\":1080},{\"@type\":\"BreadcrumbList\",\"@id\":\"https:\\\/\\\/andreseloydelgado.com\\\/whypanama\\\/las-5-razones-mas-importantes-para-vivir-invertir-o-retirarse-en-panama\\\/seguridad-vive-con-paz-mental-en-un-entorno-estable\\\/#breadcrumb\",\"itemListElement\":[{\"@type\":\"ListItem\",\"position\":1,\"name\":\"Portada\",\"item\":\"https:\\\/\\\/andreseloydelgado.com\\\/whypanama\\\/\"},{\"@type\":\"ListItem\",\"position\":2,\"name\":\"Las 5 razones mas importantes para vivir, invertir o retirarse en PANAMA\",\"item\":\"https:\\\/\\\/andreseloydelgado.com\\\/whypanama\\\/las-5-razones-mas-importantes-para-vivir-invertir-o-retirarse-en-panama\\\/\"},{\"@type\":\"ListItem\",\"position\":3,\"name\":\"Seguridad: Vive con Paz Mental en un Entorno Estable\"}]},{\"@type\":\"WebSite\",\"@id\":\"https:\\\/\\\/andreseloydelgado.com\\\/whypanama\\\/#website\",\"url\":\"https:\\\/\\\/andreseloydelgado.com\\\/whypanama\\\/\",\"name\":\"WHY PANAMA\",\"description\":\"\",\"potentialAction\":[{\"@type\":\"SearchAction\",\"target\":{\"@type\":\"EntryPoint\",\"urlTemplate\":\"https:\\\/\\\/andreseloydelgado.com\\\/whypanama\\\/?s={search_term_string}\"},\"query-input\":{\"@type\":\"PropertyValueSpecification\",\"valueRequired\":true,\"valueName\":\"search_term_string\"}}],\"inLanguage\":\"es\"}]}<\/script>\n<!-- \/ Yoast SEO plugin. -->","yoast_head_json":{"title":"Seguridad: Vive con Paz Mental en un Entorno Estable - WHY PANAMA","robots":{"index":"index","follow":"follow","max-snippet":"max-snippet:-1","max-image-preview":"max-image-preview:large","max-video-preview":"max-video-preview:-1"},"canonical":"https:\/\/andreseloydelgado.com\/whypanama\/las-5-razones-mas-importantes-para-vivir-invertir-o-retirarse-en-panama\/seguridad-vive-con-paz-mental-en-un-entorno-estable\/","og_locale":"es_ES","og_type":"article","og_title":"Seguridad: Vive con Paz Mental en un Entorno Estable - WHY PANAMA","og_description":"Seguridad: Vive con Paz Mental en un Entorno Estable Panam\u00e1 es una de las naciones m\u00e1s estables y seguras de [&hellip;]","og_url":"https:\/\/andreseloydelgado.com\/whypanama\/las-5-razones-mas-importantes-para-vivir-invertir-o-retirarse-en-panama\/seguridad-vive-con-paz-mental-en-un-entorno-estable\/","og_site_name":"WHY PANAMA","article_modified_time":"2025-08-12T18:28:06+00:00","og_image":[{"url":"https:\/\/andreseloydelgado.com\/whypanama\/wp-content\/uploads\/sites\/6\/2025\/08\/1-de-5-Las-5-grandes-razones-Why-PANAMA-1.jpg","type":"","width":"","height":""}],"twitter_card":"summary_large_image","twitter_misc":{"Tiempo de lectura":"2 minutos"},"schema":{"@context":"https:\/\/schema.org","@graph":[{"@type":"WebPage","@id":"https:\/\/andreseloydelgado.com\/whypanama\/las-5-razones-mas-importantes-para-vivir-invertir-o-retirarse-en-panama\/seguridad-vive-con-paz-mental-en-un-entorno-estable\/","url":"https:\/\/andreseloydelgado.com\/whypanama\/las-5-razones-mas-importantes-para-vivir-invertir-o-retirarse-en-panama\/seguridad-vive-con-paz-mental-en-un-entorno-estable\/","name":"Seguridad: Vive con Paz Mental en un Entorno Estable - WHY PANAMA","isPartOf":{"@id":"https:\/\/andreseloydelgado.com\/whypanama\/#website"},"primaryImageOfPage":{"@id":"https:\/\/andreseloydelgado.com\/whypanama\/las-5-razones-mas-importantes-para-vivir-invertir-o-retirarse-en-panama\/seguridad-vive-con-paz-mental-en-un-entorno-estable\/#primaryimage"},"image":{"@id":"https:\/\/andreseloydelgado.com\/whypanama\/las-5-razones-mas-importantes-para-vivir-invertir-o-retirarse-en-panama\/seguridad-vive-con-paz-mental-en-un-entorno-estable\/#primaryimage"},"thumbnailUrl":"https:\/\/andreseloydelgado.com\/whypanama\/wp-content\/uploads\/sites\/6\/2025\/08\/1-de-5-Las-5-grandes-razones-Why-PANAMA-1.jpg","datePublished":"2025-08-12T18:11:08+00:00","dateModified":"2025-08-12T18:28:06+00:00","breadcrumb":{"@id":"https:\/\/andreseloydelgado.com\/whypanama\/las-5-razones-mas-importantes-para-vivir-invertir-o-retirarse-en-panama\/seguridad-vive-con-paz-mental-en-un-entorno-estable\/#breadcrumb"},"inLanguage":"es","potentialAction":[{"@type":"ReadAction","target":["https:\/\/andreseloydelgado.com\/whypanama\/las-5-razones-mas-importantes-para-vivir-invertir-o-retirarse-en-panama\/seguridad-vive-con-paz-mental-en-un-entorno-estable\/"]}]},{"@type":"ImageObject","inLanguage":"es","@id":"https:\/\/andreseloydelgado.com\/whypanama\/las-5-razones-mas-importantes-para-vivir-invertir-o-retirarse-en-panama\/seguridad-vive-con-paz-mental-en-un-entorno-estable\/#primaryimage","url":"https:\/\/andreseloydelgado.com\/whypanama\/wp-content\/uploads\/sites\/6\/2025\/08\/1-de-5-Las-5-grandes-razones-Why-PANAMA-1.jpg","contentUrl":"https:\/\/andreseloydelgado.com\/whypanama\/wp-content\/uploads\/sites\/6\/2025\/08\/1-de-5-Las-5-grandes-razones-Why-PANAMA-1.jpg","width":1920,"height":1080},{"@type":"BreadcrumbList","@id":"https:\/\/andreseloydelgado.com\/whypanama\/las-5-razones-mas-importantes-para-vivir-invertir-o-retirarse-en-panama\/seguridad-vive-con-paz-mental-en-un-entorno-estable\/#breadcrumb","itemListElement":[{"@type":"ListItem","position":1,"name":"Portada","item":"https:\/\/andreseloydelgado.com\/whypanama\/"},{"@type":"ListItem","position":2,"name":"Las 5 razones mas importantes para vivir, invertir o retirarse en PANAMA","item":"https:\/\/andreseloydelgado.com\/whypanama\/las-5-razones-mas-importantes-para-vivir-invertir-o-retirarse-en-panama\/"},{"@type":"ListItem","position":3,"name":"Seguridad: Vive con Paz Mental en un Entorno Estable"}]},{"@type":"WebSite","@id":"https:\/\/andreseloydelgado.com\/whypanama\/#website","url":"https:\/\/andreseloydelgado.com\/whypanama\/","name":"WHY PANAMA","description":"","potentialAction":[{"@type":"SearchAction","target":{"@type":"EntryPoint","urlTemplate":"https:\/\/andreseloydelgado.com\/whypanama\/?s={search_term_string}"},"query-input":{"@type":"PropertyValueSpecification","valueRequired":true,"valueName":"search_term_string"}}],"inLanguage":"es"}]}},"_links":{"self":[{"href":"https:\/\/andreseloydelgado.com\/whypanama\/wp-json\/wp\/v2\/pages\/34","targetHints":{"allow":["GET"]}}],"collection":[{"href":"https:\/\/andreseloydelgado.com\/whypanama\/wp-json\/wp\/v2\/pages"}],"about":[{"href":"https:\/\/andreseloydelgado.com\/whypanama\/wp-json\/wp\/v2\/types\/page"}],"author":[{"embeddable":true,"href":"https:\/\/andreseloydelgado.com\/whypanama\/wp-json\/wp\/v2\/users\/1"}],"replies":[{"embeddable":true,"href":"https:\/\/andreseloydelgado.com\/whypanama\/wp-json\/wp\/v2\/comments?post=34"}],"version-history":[{"count":7,"href":"https:\/\/andreseloydelgado.com\/whypanama\/wp-json\/wp\/v2\/pages\/34\/revisions"}],"predecessor-version":[{"id":56,"href":"https:\/\/andreseloydelgado.com\/whypanama\/wp-json\/wp\/v2\/pages\/34\/revisions\/56"}],"up":[{"embeddable":true,"href":"https:\/\/andreseloydelgado.com\/whypanama\/wp-json\/wp\/v2\/pages\/7"}],"wp:attachment":[{"href":"https:\/\/andreseloydelgado.com\/whypanama\/wp-json\/wp\/v2\/media?parent=34"}],"curies":[{"name":"wp","href":"https:\/\/api.w.org\/{rel}","templated":true}]}}